{"id":2372,"date":"2015-10-15T15:55:17","date_gmt":"2015-10-15T14:55:17","guid":{"rendered":"http:\/\/www.thetfordservicenet.com\/?page_id=2372&#038;lang=en"},"modified":"2016-03-08T09:56:34","modified_gmt":"2016-03-08T08:56:34","slug":"privacy-statement","status":"publish","type":"page","link":"https:\/\/www.thetfordservicenet.com\/it\/privacy-statement\/","title":{"rendered":"Informativa sulla privacy"},"content":{"rendered":"<p><br \/>\n<br \/>\n<br \/>\n<br \/>\n<br \/>\nQuesto sito della Thetford B.V. e altri siti Thetford (insieme denominati &#8220;siti&#8221;) sono gestiti dalla Thetford B.V. o da una consociata europea Thetford. L&#8217;accesso e l&#8217;uso dei siti \u00e8 soggetto ai seguenti termini e condizioni. L&#8217;uso o l&#8217;uso continuato di questo sito Thetford B.V. costituiscono l&#8217;accettazione dei termini e condizioni, ivi comprese le eventuali modifiche.<\/p>\n<ol>\n<li>Sebbene sia stata posta molta attenzione per assicurare l&#8217;esattezza delle informazioni contenute nei siti, esse non rappresentano alcuna garanzia e in nessun caso la Thetford o le sue consociate, saranno responsabili di eventuali problemi derivanti dall&#8217;uso delle informazioni disponibili, a meno che non sia diversamente specificato. Thetford non garantisce l&#8217;assenza di virus o di altri programmi indesiderati dai siti o dai server che li fanno funzionare.<\/li>\n<li>Sebbene la Thetford si impegni a rendere sempre disponibile i siti, in nessun caso la Thetford o le sue consociate saranno responsabili per indisponibilit\u00e0 temporanee dei siti, incluse conseguenze derivanti da ci\u00f2.<\/li>\n<li>Thetford si riserva il diritto di cambiare e\/o aggiornare le informazioni contenute nei siti, inclusi i termini e condizioni, in qualsiasi momento e senza preavviso. Controllare i termini e condizioni periodicamente.<\/li>\n<li>I siti potrebbero contenere dei link verso altri siti e\/o server che non sono sotto il controllo della Thetford. La Thetford non \u00e8 responsabile in nessun caso dei contenuti di tali siti. La Thetford fornisce tali link per praticit\u00e0, ma ci\u00f2 non significa che la Thetford garantisca il contenuto di tali siti.<\/li>\n<li>Le informazioni contenute nei siti possono essere esclusivamente usate, copiate o distribuite senza alcuna modifica per scopi personali e senza che il simbolo del copyright e l\u2019avviso sul fondo della pagina vengano cancellati. Questo diritto non si applica al software, a meno che non sia espressamente autorizzato al paragrafo 6 di seguito.<\/li>\n<li>I siti forniscono accesso ai cataloghi internazionali dei prodotti Thetford,e quindi, potrebbero contenere dei riferimenti o dei riferimenti incrociati a specifici prodotti e servizi Thetford, non disponibili in alcuni paesi. Ci\u00f2 non significa che la Thetford abbia intenzione di vendere prodotti o servizi in un determinato paese.<\/li>\n<li>Il software per il download dai siti \u00e8 reso disponibile ai sensi dei termini e condizioni espressi nel contratto di licenza. A meno che non sia diversamente espresso nel contratto di licenza, il software \u00e8 a uso esclusivo degli utenti finali, e la copia, la riproduzione o la distribuzione del software sono severamente proibite. Garanzie, se presenti, sul software, si applicano solo ove espressamente previsto nel contratto di licenza. Thetford declina ulteriori garanzie, richieste e condizioni riguardo a tale software, incluse le garanzie implicite.<\/li>\n<li>I copyright e i diritti sulla propriet\u00e0 intellettuale, relazionati al contenuto, funzionalit\u00e0 e lay out dei siti (inclusi e non limitati al testo, codici html, grafica e loghi), rimangono di propriet\u00e0 della Thetford B.V., di una sua consociata europea o dei rispettivi concedenti, e sono riservati. Questi termini e condizioni sono governati e realizzati secondo le leggi vigenti nei Paesi Bassi. Qualsiasi disputa legata a tali termini e condizioni e\/o all&#8217;uso dei siti, sar\u00e0 discussa presso le sedi giudiziarie opportune dei Paesi Bassi.<\/li>\n<\/ol>\n<p>La disponibilit\u00e0 dei prodotti pu\u00f2 variare in base al paese. Thetford si riserva il diritto di cambiare il design e le specifiche dei suoi prodotti senza preavviso.<\/p>\n<h2>Informativa sulla privacy Thetford B.V.<\/h2>\n<p>Lo scopo di tale informativa \u00e8 quello di mettervi al corrente, come visitatori del nostro sito, su quali informazioni personali potremmo raccogliere quando visitate un sito Thetfrod B.V., su come potremmo usarle e se le riveliamo a qualcuno. Infine, questa informativa si applica solo ai siti della Thetford B.V. e non ad altri siti di societ\u00e0 o organizzazioni che hanno un link sui nostri siti.<\/p>\n<h2>Informazioni su tutti i visitatori del sito Thetford Europe<\/h2>\n<p>In generale, il nostro sito raccoglie alcune informazioni quali il numero e la frequenza dei visitatori di un sito internet della Thetford B.V., pi\u00f9 o meno come i dati di ascolto della televisione che indicano quanti spettatori hanno seguito un programma. Usiamo tali dati solo per avere una stima dei visitatori. Questi dati ci aiutano a comprendere quanto e quali parti del sito usano i nostri visitatori, in modo tale da migliorarlo e renderlo il pi\u00f9 funzionale possibile per pi\u00f9 visitatori possibile. Ad esempio, Thetford B.V. utilizza una tecnologia chiamata &#8220;cookies&#8221; che ci informa su come e quando \u00e8 stato visualizzato il nostro sito e da quante persone. Thetford B.V non raccoglie informazioni personali e non le combina con le informazioni raccolte dai cookie.<\/p>\n<h2>Informazioni su di voi<\/h2>\n<p>Potremmo chiedervi una vostra opinione o delle informazioni circa i vostri interessi, sfruttando al meglio il mezzo informatico, ad ogni modo sarete liberi di rispondere o meno. Inoltre, potremmo usare tali informazioni per mettervi al corrente di ulteriori prodotti e servizi che potrebbero interessarvi. Potete scegliere se ricevere o no tali informazioni, indicandolo sul nostro sito o inviando una mail a Steven Bouman o al webmaster. Verrete esclusi dalla nostra mailing list. Tutte le informazioni inserite nel nostro sito Thetford B.V. e tutte le mail ricevute, vengono trattate in modo confidenziale.<\/p>\n<h2>Divulgazione<\/h2>\n<p>Non usiamo o divulghiamo a societ\u00e0 esterne i dati di navigazione di chi visita i nostri siti Thetford B.V. o informazioni che potremmo richiedere, come nome, indirizzo, posta elettronica o numero di telefono.<\/p>\n<h2>Cambiamenti all&#8217;informativa sulla privacy Thetford B.V.<\/h2>\n<p>Nel caso l&#8217;informativa sulla privacy Thetford B.V. dovesse cambiare, pubblicheremo qui tali cambiamenti in modo che sappiate sempre quali informazioni raccogliamo, come potremmo usarle e se le divulghiamo a qualcuno. Controllare questa pagina sul sito Thetford B.V. periodicamente.<br \/>\n<br \/>\n<br \/>\n<\/p>","protected":false},"excerpt":{"rendered":"<p>Questo sito della Thetford B.V. e altri siti Thetford (insieme denominati &#8220;siti&#8221;) sono gestiti dalla Thetford B.V. o da una consociata europea Thetford. L&#8217;accesso e l&#8217;uso dei siti \u00e8 soggetto ai seguenti termini e condizioni. L&#8217;uso o l&#8217;uso continuato di questo sito Thetford B.V. costituiscono l&#8217;accettazione dei termini e condizioni, ivi comprese le eventuali modifiche. [&hellip;]<\/p>\n","protected":false},"author":2,"featured_media":0,"parent":0,"menu_order":0,"comment_status":"closed","ping_status":"closed","template":"","meta":{"_acf_changed":false,"inline_featured_image":false,"_monsterinsights_skip_tracking":false,"_monsterinsights_sitenote_active":false,"_monsterinsights_sitenote_note":"","_monsterinsights_sitenote_category":0,"footnotes":""},"class_list":["post-2372","page","type-page","status-publish","hentry","entry"],"acf":[],"_links":{"self":[{"href":"https:\/\/www.thetfordservicenet.com\/it\/wp-json\/wp\/v2\/pages\/2372","targetHints":{"allow":["GET"]}}],"collection":[{"href":"https:\/\/www.thetfordservicenet.com\/it\/wp-json\/wp\/v2\/pages"}],"about":[{"href":"https:\/\/www.thetfordservicenet.com\/it\/wp-json\/wp\/v2\/types\/page"}],"author":[{"embeddable":true,"href":"https:\/\/www.thetfordservicenet.com\/it\/wp-json\/wp\/v2\/users\/2"}],"replies":[{"embeddable":true,"href":"https:\/\/www.thetfordservicenet.com\/it\/wp-json\/wp\/v2\/comments?post=2372"}],"version-history":[{"count":4,"href":"https:\/\/www.thetfordservicenet.com\/it\/wp-json\/wp\/v2\/pages\/2372\/revisions"}],"predecessor-version":[{"id":2416,"href":"https:\/\/www.thetfordservicenet.com\/it\/wp-json\/wp\/v2\/pages\/2372\/revisions\/2416"}],"wp:attachment":[{"href":"https:\/\/www.thetfordservicenet.com\/it\/wp-json\/wp\/v2\/media?parent=2372"}],"curies":[{"name":"wp","href":"https:\/\/api.w.org\/{rel}","templated":true}]}}