{"id":2372,"date":"2015-10-15T15:55:17","date_gmt":"2015-10-15T14:55:17","guid":{"rendered":"http:\/\/www.thetfordservicenet.com\/?page_id=2372&#038;lang=en"},"modified":"2016-03-08T09:56:34","modified_gmt":"2016-03-08T08:56:34","slug":"privacy-statement","status":"publish","type":"page","link":"https:\/\/www.thetfordservicenet.com\/fr\/privacy-statement\/","title":{"rendered":"Politique de confidentialit\u00e9"},"content":{"rendered":"<p><br \/>\n<br \/>\n<br \/>\nLe pr\u00e9sent site web Thetford B.V. et les autres sites web Thetford (ci-apr\u00e8s d\u00e9sign\u00e9s collectivement comme \u00ab Sites Web \u00bb) sont g\u00e9r\u00e9s par Thetford B.V. ou par une filiale europ\u00e9enne de Thetford. L\u2019acc\u00e8s aux Sites Web et leur utilisation sont autoris\u00e9s sous r\u00e9serve des pr\u00e9sentes conditions g\u00e9n\u00e9rales. Votre utilisation, continue ou non, du pr\u00e9sent site web de Thetford B.V., vaudra acceptation des pr\u00e9sentes conditions g\u00e9n\u00e9rales, y compris toutes modifications qui leur seront apport\u00e9es.<\/p>\n<ol>\n<li>Bien que le plus grand soin ait \u00e9t\u00e9 apport\u00e9 \u00e0 l\u2019exactitude des informations figurant sur les Sites Web, celles-ci sont fournies sans d\u00e9claration ou garantie, et en aucun cas, Thetford ou l\u2019une de ses filiales ne peut \u00eatre tenu responsable de l\u2019utilisation des informations disponibles, sauf indication expresse contraire. Thetford ne peut garantir que les Sites Web ou les serveurs qui g\u00e8rent ces Sites Web sont exempts de virus ou d\u2019autres \u00e9l\u00e9ments nuisibles.<\/li>\n<li>Bien que Thetford s\u2019efforce de garantir la disponibilit\u00e9 des Sites Web, l\u2019entreprise ni aucune de ses filiales ne peut \u00eatre tenue responsable en cas d\u2019indisponibilit\u00e9 temporaire des Sites Web et de toute cons\u00e9quence qui en d\u00e9coulerait.<\/li>\n<li>Thetford se r\u00e9serve le droit d\u2019apporter des modifications et\/ou de r\u00e9aliser des mises \u00e0 jour relatives aux informations figurant sur les Sites Web, y compris les pr\u00e9sentes conditions g\u00e9n\u00e9rales, \u00e0 tout moment et sans pr\u00e9avis. Consultez r\u00e9guli\u00e8rement les pr\u00e9sentes conditions g\u00e9n\u00e9rales pour prendre connaissance de tout changement \u00e9ventuel.<\/li>\n<li>Les Sites Web peuvent contenir des liens vers d\u2019autres sites Web et\/ou serveurs qui \u00e9chappent au contr\u00f4le de Thetford. Thetford ne peut en aucun cas \u00eatre tenu responsable du contenu de tels sites web. Thetford ne fournit ces liens qu\u2019\u00e0 titre de commodit\u00e9 et l\u2019inclusion de tout lien vers de tels sites web ne signifie en aucun cas que Thetford recommande le contenu de ces sites.<\/li>\n<li>Les informations fournies sur les Sites Web ne peuvent \u00eatre utilis\u00e9es, copi\u00e9es ou distribu\u00e9es en l\u2019\u00e9tat qu\u2019\u00e0 titre de r\u00e9f\u00e9rence personnelle uniquement et \u00e0 condition que le symbole et la notification de droit d\u2019auteur tels que mentionn\u00e9s en bas de la page concern\u00e9e aient \u00e9t\u00e9 conserv\u00e9s. Ce droit ne s\u2019\u00e9tend pas aux logiciels, sauf mention contraire dans le paragraphe 6 ci-dessous.<\/li>\n<li>Les Sites Web offrent un acc\u00e8s aux catalogues de produits internationaux de Thetford et, par cons\u00e9quent, peuvent contenir des r\u00e9f\u00e9rences, crois\u00e9es ou non, \u00e0 des produits et services Thetford sp\u00e9cifiques, non disponibles dans un pays particulier. Toute r\u00e9f\u00e9rence de ce type ne signifie pas que Thetford a l\u2019intention de commercialiser ces produits et services dans un pays particulier.<\/li>\n<li>Les logiciels disponibles au t\u00e9l\u00e9chargement sur les Sites Web sont soumis aux conditions g\u00e9n\u00e9rales du contrat de licence applicable. Sauf mention contraire dans le contrat de licence applicable, les logiciels sont mis \u00e0 disposition pour \u00eatre utilis\u00e9s par les utilisateurs finaux uniquement et toute copie, reproduction ou redistribution ult\u00e9rieure des logiciels est formellement interdite. Le cas \u00e9ch\u00e9ant, les garanties relatives \u00e0 ces logiciels ne doivent s\u2019appliquer que conform\u00e9ment aux indications mentionn\u00e9es dans le contrat de licence applicable. Thetford exclut par les pr\u00e9sentes tous les engagements, garanties et conditions relatifs \u00e0 ces logiciels, y compris toute garantie implicite.<\/li>\n<li>Tous les droits d\u2019auteur et autres droits de propri\u00e9t\u00e9 intellectuelle sur le contenu, les fonctionnalit\u00e9s et la mise en page des Sites Web ou s\u2019y rapportant (notamment le texte, les codes html, les images et les logos), doivent demeurer la propri\u00e9t\u00e9 de Thetford B.V., d\u2019une filiale europ\u00e9enne de Thetford ou de ses conc\u00e9dants de licence respectifs et sont express\u00e9ment r\u00e9serv\u00e9s. Les pr\u00e9sentes conditions g\u00e9n\u00e9rales doivent \u00eatre r\u00e9gies et interpr\u00e9t\u00e9es conform\u00e9ment au droit n\u00e9erlandais. Tout litige en rapport avec les pr\u00e9sentes conditions g\u00e9n\u00e9rales et\/ou l\u2019utilisation des Sites Web sera port\u00e9 devant la juridiction comp\u00e9tente aux Pays-Bas.<\/li>\n<\/ol>\n<p>La disponibilit\u00e9 des produits peut varier d\u2019un pays \u00e0 l\u2019autre. Thetford se r\u00e9serve le droit de modifier la conception et les caract\u00e9ristiques des produits sans pr\u00e9avis.<\/p>\n<h2>Politique de confidentialit\u00e9 de Thetford B.V.<\/h2>\n<p>La pr\u00e9sente politique de confidentialit\u00e9 vise \u00e0 vous faire savoir, en votre qualit\u00e9 de visiteur bienvenu sur notre site web, quel type d\u2019informations que nous pouvons r\u00e9colter \u00e0 votre sujet lorsque vous consultez un site Thetford B.V., de quelle fa\u00e7on dont nous pouvons les utiliser et si nous les diffusons \u00e0 des tiers. Enfin, veuillez noter que la pr\u00e9sente politique ne s\u2019applique qu\u2019aux sites web de Thetford B.V. et non aux sites web d\u2019autres soci\u00e9t\u00e9s ou organisations avec lesquelles nous entretenons des relations.<\/p>\n<h2>Informations relatives \u00e0 tous les visiteurs du site Web de Thetford<\/h2>\n<p>En g\u00e9n\u00e9ral, notre site web collecte automatiquement certaines informations ayant trait \u00e0 son utilisation, telles que le nombre et la fr\u00e9quence des visiteurs sur un site web Thetford B.V. et ses diff\u00e9rentes parties, de la m\u00eame fa\u00e7on que l\u2019indice d\u2019\u00e9coute qui indique aux stations de t\u00e9l\u00e9vision le nombre de personnes branch\u00e9es sur telle \u00e9mission. Nous n\u2019utilisons ces donn\u00e9es que de mani\u00e8re collective. Celles-ci nous permettent de d\u00e9terminer le degr\u00e9 de fr\u00e9quentation des diff\u00e9rentes parties de notre site web et d\u2019am\u00e9liorer ce dernier afin de le rendre aussi attrayant que possible pour le plus grand nombre. Ainsi, Thetford B.V. utilise des \u00ab cookies \u00bb, une technologie qui nous permet de savoir de quelle fa\u00e7on et \u00e0 quel moment les pages de notre site sont consult\u00e9es, et par combien de personnes. Thetford B.V. ne collecte pas d&rsquo;informations \u00e0 caract\u00e8re personnel. De m\u00eame, nous n\u2019associons pas les informations collect\u00e9es par le biais des cookies avec des donn\u00e9es \u00e0 caract\u00e8re personnel.<\/p>\n<h2>Informations vous concernant<\/h2>\n<p>Nous pouvons vous demander votre opinion ou des informations sur vos centres d\u2019int\u00e9r\u00eat de fa\u00e7on \u00e0 ce que vous et nous-m\u00eames puissions tirer parti de l\u2019interactivit\u00e9 du support en ligne, mais vous \u00eates libre de ne pas r\u00e9pondre. Nous pouvons \u00e9galement utiliser ces informations pour vous informer sur les produits et services qui vous int\u00e9ressent. Si vous ne souhaitez pas recevoir ces informations, indiquez-le sur un formulaire web que vous remplissez, ou envoyez un message \u00e0 l&rsquo;attention de Sweder Bouman \/ administrateur de site Web Thetford. Votre adresse sera supprim\u00e9e de la liste de diffusion. Toutes les informations que vous fournissez sur le site Web de Thetford B.V. ainsi que tous les courriels re\u00e7us par Thetford B.V. seront trait\u00e9s dans la plus stricte confidentialit\u00e9.<\/p>\n<h2>Divulgation<\/h2>\n<p>Nous n\u2019utilisons ni ne divulguons d\u2019informations concernant vos visites sur le site Web de Thetford B.V. ou que vous pourriez nous fournir, telles que vos nom, adresse postale ou courriel ou num\u00e9ro de t\u00e9l\u00e9phone, \u00e0 des entreprises tierces.<\/p>\n<h2>Amendements \u00e0 la politique de confidentialit\u00e9 de Thetford B.V.<\/h2>\n<p>Si nous d\u00e9cidons de modifier la politique de confidentialit\u00e9 relative aux sites Web de Thetford B.V., nous publierons ces modifications ici de fa\u00e7on \u00e0 ce que vous sachiez en permanence quel type d\u2019informations nous collectons, de quelle fa\u00e7on nous les utilisons et si nous les divulguons \u00e0 des tiers. Il est donc conseill\u00e9 de consulter r\u00e9guli\u00e8rement cette page sur le site Web de Thetford B.V. pour prendre connaissance de tout changement \u00e9ventuel.<br \/>\n<br \/>\n<br \/>\n<br \/>\n<br \/>\n<\/p>","protected":false},"excerpt":{"rendered":"<p>Le pr\u00e9sent site web Thetford B.V. et les autres sites web Thetford (ci-apr\u00e8s d\u00e9sign\u00e9s collectivement comme \u00ab Sites Web \u00bb) sont g\u00e9r\u00e9s par Thetford B.V. ou par une filiale europ\u00e9enne de Thetford. L\u2019acc\u00e8s aux Sites Web et leur utilisation sont autoris\u00e9s sous r\u00e9serve des pr\u00e9sentes conditions g\u00e9n\u00e9rales. Votre utilisation, continue ou non, du pr\u00e9sent site [&hellip;]<\/p>\n","protected":false},"author":2,"featured_media":0,"parent":0,"menu_order":0,"comment_status":"closed","ping_status":"closed","template":"","meta":{"_acf_changed":false,"inline_featured_image":false,"_monsterinsights_skip_tracking":false,"_monsterinsights_sitenote_active":false,"_monsterinsights_sitenote_note":"","_monsterinsights_sitenote_category":0,"footnotes":""},"class_list":["post-2372","page","type-page","status-publish","hentry","entry"],"acf":[],"_links":{"self":[{"href":"https:\/\/www.thetfordservicenet.com\/fr\/wp-json\/wp\/v2\/pages\/2372","targetHints":{"allow":["GET"]}}],"collection":[{"href":"https:\/\/www.thetfordservicenet.com\/fr\/wp-json\/wp\/v2\/pages"}],"about":[{"href":"https:\/\/www.thetfordservicenet.com\/fr\/wp-json\/wp\/v2\/types\/page"}],"author":[{"embeddable":true,"href":"https:\/\/www.thetfordservicenet.com\/fr\/wp-json\/wp\/v2\/users\/2"}],"replies":[{"embeddable":true,"href":"https:\/\/www.thetfordservicenet.com\/fr\/wp-json\/wp\/v2\/comments?post=2372"}],"version-history":[{"count":4,"href":"https:\/\/www.thetfordservicenet.com\/fr\/wp-json\/wp\/v2\/pages\/2372\/revisions"}],"predecessor-version":[{"id":2416,"href":"https:\/\/www.thetfordservicenet.com\/fr\/wp-json\/wp\/v2\/pages\/2372\/revisions\/2416"}],"wp:attachment":[{"href":"https:\/\/www.thetfordservicenet.com\/fr\/wp-json\/wp\/v2\/media?parent=2372"}],"curies":[{"name":"wp","href":"https:\/\/api.w.org\/{rel}","templated":true}]}}