{"id":2367,"date":"2015-10-14T09:01:04","date_gmt":"2015-10-14T08:01:04","guid":{"rendered":"http:\/\/www.thetfordservicenet.com\/?page_id=2367&#038;lang=en"},"modified":"2015-10-20T15:17:27","modified_gmt":"2015-10-20T14:17:27","slug":"disclaimer","status":"publish","type":"page","link":"https:\/\/www.thetfordservicenet.com\/fr\/disclaimer\/","title":{"rendered":"Disclaimer"},"content":{"rendered":"<p><br \/>\nCe site et tout son contenu, y compris ses r\u00e9f\u00e9rences \u00e0 d&rsquo;autres sites, des articles, des liens et autre information est uniquement destin\u00e9 \u00e0 l&rsquo;utilisation de par Thetford d\u00e9sign\u00e9s partenaires de service, concessionnaires  et OEM&rsquo;s. Toutes les instructions ou les informations figurant sur ce site pour des r\u00e9parations, des installations, l\u2019utilisation, le maintien et d\u00e9pannage peut uniquement \u00eatre utilis\u00e9e par des techniciens comp\u00e9tents et qualifi\u00e9s. Thetford renonce explicitement toute responsabilit\u00e9 et reddition de comptes pour des endommagements directs ou indirects r\u00e9sultant des r\u00e9parations, des installations, de l\u2019utilisation, du maintien ou du d\u00e9pannage ex\u00e9cut\u00e9s par autres que nos partenaires de service, concessionnaires et OEM\u2019S d\u00e9sign\u00e9s. En outre Thetford se r\u00e9serve le droit de prendre des mesures l\u00e9gales n\u00e9cessaires si ces r\u00e9parations, installations, ou d\u00e9pannage m\u00e8ne \u00e0 des endommagements directs ou indirects subi par Thetford.<br \/>\n<br \/>\n<br \/>\n<br \/>\n<br \/>\n<br \/>\n<\/p>","protected":false},"excerpt":{"rendered":"<p>Ce site et tout son contenu, y compris ses r\u00e9f\u00e9rences \u00e0 d&rsquo;autres sites, des articles, des liens et autre information est uniquement destin\u00e9 \u00e0 l&rsquo;utilisation de par Thetford d\u00e9sign\u00e9s partenaires de service, concessionnaires et OEM&rsquo;s. Toutes les instructions ou les informations figurant sur ce site pour des r\u00e9parations, des installations, l\u2019utilisation, le maintien et d\u00e9pannage [&hellip;]<\/p>\n","protected":false},"author":2,"featured_media":0,"parent":0,"menu_order":0,"comment_status":"closed","ping_status":"closed","template":"","meta":{"_acf_changed":false,"inline_featured_image":false,"_monsterinsights_skip_tracking":false,"_monsterinsights_sitenote_active":false,"_monsterinsights_sitenote_note":"","_monsterinsights_sitenote_category":0,"footnotes":""},"class_list":["post-2367","page","type-page","status-publish","hentry","entry"],"acf":[],"_links":{"self":[{"href":"https:\/\/www.thetfordservicenet.com\/fr\/wp-json\/wp\/v2\/pages\/2367","targetHints":{"allow":["GET"]}}],"collection":[{"href":"https:\/\/www.thetfordservicenet.com\/fr\/wp-json\/wp\/v2\/pages"}],"about":[{"href":"https:\/\/www.thetfordservicenet.com\/fr\/wp-json\/wp\/v2\/types\/page"}],"author":[{"embeddable":true,"href":"https:\/\/www.thetfordservicenet.com\/fr\/wp-json\/wp\/v2\/users\/2"}],"replies":[{"embeddable":true,"href":"https:\/\/www.thetfordservicenet.com\/fr\/wp-json\/wp\/v2\/comments?post=2367"}],"version-history":[{"count":4,"href":"https:\/\/www.thetfordservicenet.com\/fr\/wp-json\/wp\/v2\/pages\/2367\/revisions"}],"predecessor-version":[{"id":2394,"href":"https:\/\/www.thetfordservicenet.com\/fr\/wp-json\/wp\/v2\/pages\/2367\/revisions\/2394"}],"wp:attachment":[{"href":"https:\/\/www.thetfordservicenet.com\/fr\/wp-json\/wp\/v2\/media?parent=2367"}],"curies":[{"name":"wp","href":"https:\/\/api.w.org\/{rel}","templated":true}]}}