{"id":2372,"date":"2015-10-15T15:55:17","date_gmt":"2015-10-15T14:55:17","guid":{"rendered":"http:\/\/www.thetfordservicenet.com\/?page_id=2372&#038;lang=en"},"modified":"2016-03-08T09:56:34","modified_gmt":"2016-03-08T08:56:34","slug":"privacy-statement","status":"publish","type":"page","link":"https:\/\/www.thetfordservicenet.com\/es\/privacy-statement\/","title":{"rendered":"Declaraci\u00f3n de privacidad"},"content":{"rendered":"<p><br \/>\n<br \/>\n<br \/>\n<br \/>\nEste sitio web de Thetford B.V. as\u00ed como otros sitios web de Thetford (referidos de un modo conjunto como \u00abSitios web\u00bb) son mantenidos por Thetford B.V. u otra compa\u00f1\u00eda europea subsidiaria de Thetford. El acceso y uso de nuestros sitios web est\u00e1 sujeto a estos t\u00e9rminos y condiciones. Su uso o uso continuado de este sitio web de Thetford B.V. constituir\u00e1 la aceptaci\u00f3n de estos t\u00e9rminos y condiciones, incluyendo cualquier cambio.<\/p>\n<ol>\n<li>A pesar de haber tomado todas las medidas necesarias para asegurar la precisi\u00f3n de la informaci\u00f3n contenida en los sitios web, toda la informaci\u00f3n en los sitios web es proporcionada sin ninguna representaci\u00f3n o garant\u00eda, y en ning\u00fan caso Thetford o cualquiera de sus subsidiarios ser\u00e1n responsables por el uso de la informaci\u00f3n facilitada, a no ser que se declare espec\u00edficamente lo contrario. Thetford no garantiza que los sitios web o los servidores que facilitan dichos sitios web, est\u00e9n libres de virus o de cualquier otro elemento da\u00f1ino.<\/li>\n<li>Aunque Thetford realizar\u00e1 esfuerzos razonables para hacer que los sitios web est\u00e9n disponibles, en ning\u00fan caso Thetford o alguna de sus subsidiarias ser\u00e1n responsables por la indisponibilidad temporal de los sitios web, incluyendo cualquier consecuencia derivada.<\/li>\n<li>Thetford se reserva el derecho de realizar cambios y\/o actualizaciones con respecto a la informaci\u00f3n contenida en los sitios web, incluyendo estos t\u00e9rminos y condiciones, en cualquier momento y sin previo aviso. Por favor, compruebe estos t\u00e9rminos y condiciones peri\u00f3dicamente por si ha habido cambios.<\/li>\n<li>Los sitios web pueden proporcionar enlaces a otros sitios web y\/o servidores que no est\u00e1n bajo el control de Thetford. Thetford no ser\u00e1 de ning\u00fan modo responsable del contenido de dichos sitios web. Thetford proporciona estos enlaces solamente para su comodidad, y la inclusi\u00f3n de cualquier enlace hacia cualquiera de estos sitios web no indica la aprobaci\u00f3n del contenido de dichos sitios web por parte de Thetford.<\/li>\n<li>La informaci\u00f3n proporcionada en los sitios web puede solamente ser usada, copiada o distribuida sin modificar con fines informativos personales e incluyendo el s\u00edmbolo de protecci\u00f3n de los derechos de autor en la parte inferior de la p\u00e1gina relevante. Este derecho no afecta al software, a no ser que se permita tal como se dispone m\u00e1s abajo en el p\u00e1rrafo 6.<\/li>\n<li>Los sitios web dan acceso a los cat\u00e1logos internacionales de productos Thetford, por lo que pueden contener referencias o referencias cruzadas a productos y servicios Thetford espec\u00edficos, los cuales no est\u00e1n disponibles en un pa\u00eds en particular. Tal referencia no implica que Thetford tenga la intenci\u00f3n de vender dichos productos o servicios en un pa\u00eds en particular.<\/li>\n<li>El software disponible para descargar desde cualquiera de los sitios web est\u00e1 sujeto a los t\u00e9rminos aplicables del acuerdo de licencia. Excepto como se dispone en el acuerdo de licencia aplicable, el software est\u00e1 disponible para el uso por los usuarios finales solamente, y cualquier copia posterior, reproducci\u00f3n o redistribuci\u00f3n del software est\u00e1 expresamente prohibida. Las garant\u00edas, si las hubiera, con respecto a dicho software ser\u00edan solamente pertinentes como se dispone expresamente en el acuerdo de licencia relevante. Por la presente, Thetford se descarga de toda responsabilidad sobre garant\u00edas adicionales, representaciones y condiciones con respecto a dicho software, incluyendo cualquier garant\u00eda implicada.<\/li>\n<li>Todos los derechos de la propiedad de autor y otros derechos de la propiedad intelectual, en relaci\u00f3n al contenido, funcionalidad y dise\u00f1o de los sitios web (incluyendo pero no limit\u00e1ndose al texto, c\u00f3digos html, gr\u00e1ficos y logos), deber\u00e1n permanecer en propiedad de Thetford B.V., una compa\u00f1\u00eda subsidiaria europea de Thetford o sus licenciadores respectivos y est\u00e1n expl\u00edcitamente reservados. Estos t\u00e9rminos y condiciones deber\u00e1n estar gobernados por e interpretados de acuerdo con las leyes de los Pa\u00edses Bajos. Cualquier disputa en relaci\u00f3n a estos t\u00e9rminos y condiciones y\/o el uso de los sitios web se llevar\u00e1 ante el tribunal competente de los Pa\u00edses Bajos.<\/li>\n<\/ol>\n<p>La disponibilidad de los productos puede variar seg\u00fan el pa\u00eds. Thetford se reserva el derecho de cambiar el dise\u00f1o y las especificaciones de los art\u00edculos sin aviso previo.<\/p>\n<h2>Pol\u00edtica de privacidad Thetford B.V.<\/h2>\n<p>El prop\u00f3sito de esta pol\u00edtica de privacidad es el de informarle, como visitante bien recibido en nuestra p\u00e1gina web, sobre qu\u00e9 tipo de informaci\u00f3n podemos recopilar acerca de usted cuando visita un sitio web de Thetford B.V., c\u00f3mo podemos usar esa informaci\u00f3n y si podemos revelarla o no a terceras partes. Finalmente, por favor tenga en cuenta que esta pol\u00edtica es relevante solamente para los sitios web de Thetford B.V. y no para los sitios web de otras compa\u00f1\u00edas u organizaciones a las que facilitamos el enlace.<\/p>\n<h2>Informaci\u00f3n sobre todos los visitantes de sitios web de Thetford Europe<\/h2>\n<p>En general, nuestro sitio web recoge autom\u00e1ticamente cierta informaci\u00f3n de uso, como por ejemplo los n\u00fameros y frecuencia de los visitantes a un sitio web de Thetford B.V. y a sus partes, de una forma parecida a la medici\u00f3n de las audiencias de televisi\u00f3n que indican a las distintas televisoras cu\u00e1nta gente sintoniz\u00f3 un programa. Nosotros solamente utilizamos este tipo de datos en el agregado. Estos datos colectivos nos ayudan a determinar cu\u00e1ntos visitantes usan distintas partes del sitio web, para as\u00ed poder mejorar nuestro sitio web y asegurarnos de que es m\u00e1s atractivo para tantos visitantes como sea posible. Por ejemplo, Thetford B.V. usa una tecnolog\u00eda llamada \u00abcookies\u00bb que nos dice c\u00f3mo y cu\u00e1ndo se visitan p\u00e1ginas en nuestro sitio web, y por cu\u00e1nta gente. Thetford B.V. no recoge informaci\u00f3n personal identificable y no combinamos informaci\u00f3n recogida por las cookies con informaci\u00f3n personal identificable.<\/p>\n<h2>Informaci\u00f3n acerca de usted<\/h2>\n<p>Le podemos pedir su opini\u00f3n o informaci\u00f3n sobre sus intereses para que usted y nosotros podamos aprovechar la interactividad del medio en l\u00ednea, pero siempre puede escoger si quiere responder o no. Igualmente podemos utilizar dicha informaci\u00f3n para informarle acerca de productos y servicios adicionales sobre los cuales puede estar interesado. Puede elegir no recibir dicha informaci\u00f3n si no lo quiere indic\u00e1ndolo en el formulario web que ha rellenado, o enviando un correo electr\u00f3nico a Sweder Bouman\/ webmaster. Ser\u00e1 eliminado de la lista de direcciones. Toda la informaci\u00f3n que cumplimente en nuestro sitio web Thetford B.V. y todos los correos electr\u00f3nicos recibidos por Thetford B.V., ser\u00e1n tratados de manera confidencial.<\/p>\n<h2>Divulgaci\u00f3n<\/h2>\n<p>Nosotros no usamos o divulgamos informaci\u00f3n sobre sus visitas individuales a los sitios web de Thetford B.V., o informaci\u00f3n que nos haya podido dar, como por ejemplo su nombre, direcci\u00f3n, direcci\u00f3n de correo electr\u00f3nico o n\u00famero de tel\u00e9fono a empresas externas.<\/p>\n<h2>Cambios en la pol\u00edtica de privacidad de Thetford B.V.<\/h2>\n<p>Si decidimos cambiar nuestra pol\u00edtica de privacidad para los sitios web de Thetford B.V., publicaremos estos cambios para que pueda conocer siempre la informaci\u00f3n que recopilamos, c\u00f3mo podemos usar esa informaci\u00f3n y si la vamos a revelar a alguien o no. Por favor, compruebe est\u00e1 p\u00e1gina peri\u00f3dicamente en el sitio web de Thetford B.V. por si ha habido cambios.<br \/>\n<br \/>\n<br \/>\n<br \/>\n<\/p>","protected":false},"excerpt":{"rendered":"<p>Este sitio web de Thetford B.V. as\u00ed como otros sitios web de Thetford (referidos de un modo conjunto como \u00abSitios web\u00bb) son mantenidos por Thetford B.V. u otra compa\u00f1\u00eda europea subsidiaria de Thetford. El acceso y uso de nuestros sitios web est\u00e1 sujeto a estos t\u00e9rminos y condiciones. Su uso o uso continuado de este [&hellip;]<\/p>\n","protected":false},"author":2,"featured_media":0,"parent":0,"menu_order":0,"comment_status":"closed","ping_status":"closed","template":"","meta":{"_acf_changed":false,"inline_featured_image":false,"_monsterinsights_skip_tracking":false,"_monsterinsights_sitenote_active":false,"_monsterinsights_sitenote_note":"","_monsterinsights_sitenote_category":0,"footnotes":""},"class_list":["post-2372","page","type-page","status-publish","hentry","entry"],"acf":[],"_links":{"self":[{"href":"https:\/\/www.thetfordservicenet.com\/es\/wp-json\/wp\/v2\/pages\/2372","targetHints":{"allow":["GET"]}}],"collection":[{"href":"https:\/\/www.thetfordservicenet.com\/es\/wp-json\/wp\/v2\/pages"}],"about":[{"href":"https:\/\/www.thetfordservicenet.com\/es\/wp-json\/wp\/v2\/types\/page"}],"author":[{"embeddable":true,"href":"https:\/\/www.thetfordservicenet.com\/es\/wp-json\/wp\/v2\/users\/2"}],"replies":[{"embeddable":true,"href":"https:\/\/www.thetfordservicenet.com\/es\/wp-json\/wp\/v2\/comments?post=2372"}],"version-history":[{"count":4,"href":"https:\/\/www.thetfordservicenet.com\/es\/wp-json\/wp\/v2\/pages\/2372\/revisions"}],"predecessor-version":[{"id":2416,"href":"https:\/\/www.thetfordservicenet.com\/es\/wp-json\/wp\/v2\/pages\/2372\/revisions\/2416"}],"wp:attachment":[{"href":"https:\/\/www.thetfordservicenet.com\/es\/wp-json\/wp\/v2\/media?parent=2372"}],"curies":[{"name":"wp","href":"https:\/\/api.w.org\/{rel}","templated":true}]}}