{"id":2367,"date":"2015-10-14T09:01:04","date_gmt":"2015-10-14T08:01:04","guid":{"rendered":"http:\/\/www.thetfordservicenet.com\/?page_id=2367&#038;lang=en"},"modified":"2015-10-20T15:17:27","modified_gmt":"2015-10-20T14:17:27","slug":"disclaimer","status":"publish","type":"page","link":"https:\/\/www.thetfordservicenet.com\/es\/disclaimer\/","title":{"rendered":"Disclaimer"},"content":{"rendered":"<p><br \/>\n<br \/>\n<br \/>\n<br \/>\n<br \/>\n<br \/>\nEsta p\u00e1gina y todo su contenido incluyendo las referencias de otras p\u00e1ginas, art\u00edculos, enlaces u otros, pretende ser usada s\u00f3lo por aquellos que Thetford considere servicio t\u00e9cnico, concesionario o constructor. Todas las intrucciones o informaci\u00f3n encontrada en esta p\u00e1gina para: uso, reparaciones, mantenimiento, instalaciones y solucionador de problemas s\u00f3lo puede ser aplicada por t\u00e9cnicos competentes y habilitados. Thetford renuncia expl\u00edcitamente  de toda responsabilidad por da\u00f1os directos o indirectamente del resultado por reparaciones, instalaciones, mantenimiento, uso y\/o ejecuci\u00f3n del solucionador de problemas por otras personas que no sean las designadas por nosotros. Adem\u00e1s Thetford se reserva su derecho de tomar las medidas legales necesarias  si tal uso, reparaci\u00f3n, mantenimiento, instalaci\u00f3n y\/o ejecuci\u00f3n del solucionador de problemas provoque algun da\u00f1o directo o indirecto achacable a Thetford.<br \/>\n<\/p>","protected":false},"excerpt":{"rendered":"<p>Esta p\u00e1gina y todo su contenido incluyendo las referencias de otras p\u00e1ginas, art\u00edculos, enlaces u otros, pretende ser usada s\u00f3lo por aquellos que Thetford considere servicio t\u00e9cnico, concesionario o constructor. Todas las intrucciones o informaci\u00f3n encontrada en esta p\u00e1gina para: uso, reparaciones, mantenimiento, instalaciones y solucionador de problemas s\u00f3lo puede ser aplicada por t\u00e9cnicos competentes [&hellip;]<\/p>\n","protected":false},"author":2,"featured_media":0,"parent":0,"menu_order":0,"comment_status":"closed","ping_status":"closed","template":"","meta":{"_acf_changed":false,"inline_featured_image":false,"_monsterinsights_skip_tracking":false,"_monsterinsights_sitenote_active":false,"_monsterinsights_sitenote_note":"","_monsterinsights_sitenote_category":0,"footnotes":""},"class_list":["post-2367","page","type-page","status-publish","hentry","entry"],"acf":[],"_links":{"self":[{"href":"https:\/\/www.thetfordservicenet.com\/es\/wp-json\/wp\/v2\/pages\/2367","targetHints":{"allow":["GET"]}}],"collection":[{"href":"https:\/\/www.thetfordservicenet.com\/es\/wp-json\/wp\/v2\/pages"}],"about":[{"href":"https:\/\/www.thetfordservicenet.com\/es\/wp-json\/wp\/v2\/types\/page"}],"author":[{"embeddable":true,"href":"https:\/\/www.thetfordservicenet.com\/es\/wp-json\/wp\/v2\/users\/2"}],"replies":[{"embeddable":true,"href":"https:\/\/www.thetfordservicenet.com\/es\/wp-json\/wp\/v2\/comments?post=2367"}],"version-history":[{"count":4,"href":"https:\/\/www.thetfordservicenet.com\/es\/wp-json\/wp\/v2\/pages\/2367\/revisions"}],"predecessor-version":[{"id":2394,"href":"https:\/\/www.thetfordservicenet.com\/es\/wp-json\/wp\/v2\/pages\/2367\/revisions\/2394"}],"wp:attachment":[{"href":"https:\/\/www.thetfordservicenet.com\/es\/wp-json\/wp\/v2\/media?parent=2367"}],"curies":[{"name":"wp","href":"https:\/\/api.w.org\/{rel}","templated":true}]}}