{"id":1779,"date":"2013-10-30T13:14:30","date_gmt":"2013-10-30T12:14:30","guid":{"rendered":"http:\/\/www.thetfordservicenet.com\/?page_id=1779&#038;lang=en"},"modified":"2023-10-04T14:21:22","modified_gmt":"2023-10-04T13:21:22","slug":"warranty-privacy-statement","status":"publish","type":"page","link":"https:\/\/www.thetfordservicenet.com\/es\/warranty-privacy-statement\/","title":{"rendered":"Garant\u00eda"},"content":{"rendered":"<p><\/p>\n<p>Thetford BV ofrece a los usuarios finales de sus productos una garant\u00eda de tres a\u00f1os. En el caso de funcionamiento defectuoso dentro del periodo de garant\u00eda, Thetford reemplazar\u00e1 o reparar\u00e1 el producto. En esta situaci\u00f3n, los costes de sustituci\u00f3n y de mano de obra para el reemplazo de componentes defectuosos o el coste de las piezas correr\u00e1n a cargo de Thetford.<\/p>\n<p>Las piezas de repuesto adquiridas y accesorios\u00a0 tienen una garant\u00eda de un a\u00f1o.\u00a0 Los costes de mano de obra de los accesorios no est\u00e1n cubiertos por la garant\u00eda.<\/p>\n<ol>\n<li>Para presentar una reclamaci\u00f3n bajo esta garant\u00eda, el usuario debe llevar el producto a un servicio t\u00e9cnico autorizado de Thetford. All\u00ed evaluar\u00e1n la reclamaci\u00f3n.<\/li>\n<li>Los componentes reemplazados durante la reparaci\u00f3n bajo garant\u00eda pasar\u00e1n a ser propiedad de Thetford.<\/li>\n<li>Esta garant\u00eda no actuar\u00e1 en perjuicio de la legislaci\u00f3n vigente de protecci\u00f3n del consumidor.<\/li>\n<li>Esta garant\u00eda no es v\u00e1lida en el caso de productos usados para fines comerciales.<\/li>\n<li>No se aceptar\u00e1n bajo garant\u00eda las reclamaciones de una de las siguientes categor\u00edas:\n<ul>\n<li>El producto ha sido utilizado incorrectamente o no se han seguido las instrucciones del manual;<\/li>\n<li>El producto no haya sido instalado seg\u00fan las instrucciones;<\/li>\n<li>Se han realizado modificaciones en el producto;<\/li>\n<li>El producto ha sido reparado, pero no por un servicio t\u00e9cnico autorizado de Thetford;<\/li>\n<li>El n\u00famero de serie o c\u00f3digo de producto ha sido alterado o eliminado;<\/li>\n<li>El producto ha sido da\u00f1ado por un uso indebido.<\/li>\n<\/ul>\n<\/li>\n<\/ol>\n<p>Tenga en cuenta:<\/p>\n<p>&#8211; Usted podr\u00e1 encontrar los Centros de Servicio autorizados\u00a0 de Thetford, a trav\u00e9s de nuestro buscador en <a href=\"http:\/\/www.thetford-europe.com\/es\/distribuidores-centros-servicio\/\">nuestra Web.<\/a><\/p>\n<p>&#8211; Cuando no hay Centro de Servicio\u00a0 autorizado en el pa\u00eds donde est\u00e1s situado, debes contactar con las <a href=\"http:\/\/www.thetford-europe.com\/es\/acerca-de-thetford\/nuestras-oficinas\/\">oficinas de Thetford<\/a> ante cualquier otro servicio externo.<\/p>\n<p>En estos casos, el servicio de Thetford determinar\u00e1 si reparar o cambiar el producto y si asume los costes que representen. En caso de no seguir estos pasos, Thetford se reserva el derecho de rechazar la reclamaci\u00f3n de garant\u00eda y los costes relacionados.<\/p>\n<p><\/p>","protected":false},"excerpt":{"rendered":"<p>Thetford BV ofrece a los usuarios finales de sus productos una garant\u00eda de tres a\u00f1os. En el caso de funcionamiento defectuoso dentro del periodo de garant\u00eda, Thetford reemplazar\u00e1 o reparar\u00e1 el producto. En esta situaci\u00f3n, los costes de sustituci\u00f3n y de mano de obra para el reemplazo de componentes defectuosos o el coste de las [&hellip;]<\/p>\n","protected":false},"author":2,"featured_media":0,"parent":0,"menu_order":4,"comment_status":"closed","ping_status":"closed","template":"","meta":{"_acf_changed":false,"inline_featured_image":false,"_monsterinsights_skip_tracking":false,"_monsterinsights_sitenote_active":false,"_monsterinsights_sitenote_note":"","_monsterinsights_sitenote_category":0,"footnotes":""},"class_list":["post-1779","page","type-page","status-publish","hentry","entry"],"acf":[],"_links":{"self":[{"href":"https:\/\/www.thetfordservicenet.com\/es\/wp-json\/wp\/v2\/pages\/1779","targetHints":{"allow":["GET"]}}],"collection":[{"href":"https:\/\/www.thetfordservicenet.com\/es\/wp-json\/wp\/v2\/pages"}],"about":[{"href":"https:\/\/www.thetfordservicenet.com\/es\/wp-json\/wp\/v2\/types\/page"}],"author":[{"embeddable":true,"href":"https:\/\/www.thetfordservicenet.com\/es\/wp-json\/wp\/v2\/users\/2"}],"replies":[{"embeddable":true,"href":"https:\/\/www.thetfordservicenet.com\/es\/wp-json\/wp\/v2\/comments?post=1779"}],"version-history":[{"count":42,"href":"https:\/\/www.thetfordservicenet.com\/es\/wp-json\/wp\/v2\/pages\/1779\/revisions"}],"predecessor-version":[{"id":5030,"href":"https:\/\/www.thetfordservicenet.com\/es\/wp-json\/wp\/v2\/pages\/1779\/revisions\/5030"}],"wp:attachment":[{"href":"https:\/\/www.thetfordservicenet.com\/es\/wp-json\/wp\/v2\/media?parent=1779"}],"curies":[{"name":"wp","href":"https:\/\/api.w.org\/{rel}","templated":true}]}}