{"id":2372,"date":"2015-10-15T15:55:17","date_gmt":"2015-10-15T14:55:17","guid":{"rendered":"http:\/\/www.thetfordservicenet.com\/?page_id=2372&#038;lang=en"},"modified":"2016-03-08T09:56:34","modified_gmt":"2016-03-08T08:56:34","slug":"privacy-statement","status":"publish","type":"page","link":"https:\/\/www.thetfordservicenet.com\/de\/privacy-statement\/","title":{"rendered":"Datenschutz"},"content":{"rendered":"<p><br \/>\n<br \/>\nDiese Website von Thetford B.V. und andere Thetford-Websites (zusammen fortan \u201eWebsites\u201c) werden von Thetford B.V. oder einer europ\u00e4ischen Tochtergesellschaft von Thetford gewartet. Der Zugang zu diesen Websites und die Verwendung der Websites ist Gegenstand dieser Gesch\u00e4ftsbedingungen. Durch die Nutzung oder Dauernutzung dieser Website von Thetford B.V. nehmen Sie diese Gesch\u00e4ftsbedingungen einschlie\u00dflich jeglicher \u00c4nderungen an.<\/p>\n<ol>\n<li>Obwohl versucht wird, die Genauigkeit der Informationen auf diesen Websites zu gew\u00e4hrleisten, werden alle Informationen auf dieser Website ohne jegliche Gew\u00e4hr angeboten; Thetford bzw. dessen Tochtergesellschaften sind f\u00fcr keinerlei Vorg\u00e4nge im Zusammenhang mit der Verwendung der verf\u00fcgbaren Informationen haftbar, sofern dies nicht anderweitig gekennzeichnet ist. Thetford \u00fcbernimmt keine Gew\u00e4hr daf\u00fcr, dass die Website oder die Server, die diese Website verf\u00fcgbar machen, frei von Viren oder anderen schadenverursachenden Elementen ist.<\/li>\n<li>Obwohl Thetford gro\u00dfe Anstrengungen unternimmt, die Websites so verf\u00fcgbar wie m\u00f6glich zu machen, sind Thetford oder dessen Tochtergesellschaften in keinem Fall f\u00fcr jegliche tempor\u00e4re Nichtverf\u00fcgbarkeit der Websites sowie ggf. daraus entstehende Konsequenzen haftbar.<\/li>\n<li>Thetford beh\u00e4lt sich das Recht vor, jederzeit und ohne Ank\u00fcndigung \u00c4nderungen oder Aktualisierungen der Informationen auf den Websites und dieser Gesch\u00e4ftsbedingungen vorzunehmen. Bitte \u00fcberpr\u00fcfen Sie diese Gesch\u00e4ftsbedingungen regelm\u00e4\u00dfig auf Ver\u00e4nderungen.<\/li>\n<li>Die Website kann auch Links zu anderen Websites oder Servern enthalten, die nicht der Kontrolle Thetfords unterliegen. Thetford ist f\u00fcr den Inhalt anderer Websites in keiner Weise verantwortlich. Thetford bietet diese Links nur als Service-Leistung an; das Einf\u00fcgen dieser Links zu einer anderen Website dr\u00fcckt keine Bef\u00fcrwortung ihrer Inhalte durch Thetford aus.<\/li>\n<li>Die Informationen, die auf den Websites angeboten werden, d\u00fcrfen nur in unver\u00e4nderter Form und zu privaten Informationszwecken verwendet, kopiert oder verteilt werden; die Kennzeichnung durch das Copyright-Zeichen und die Urheberrechtserkl\u00e4rung unten auf der Seite muss erhalten bleiben. Dieses Recht bezieht sich nicht auf Software, sofern nicht anders in Paragraph 6 unten festgelegt wird.<\/li>\n<li>Die Website bietet Zugang zum internationalen Produktkatalog von Thetford und kann daher Verweise oder Querverweise zu bestimmten Thetford-Produkten oder -Dienstleistungen enthalten, die in einem bestimmten Land nicht verf\u00fcgbar sind. Ein solcher Verweis bedeutet nicht, dass Thetford die Absicht hat, diese Produkte oder Dienstleistungen in einem bestimmten Land anzubieten.<\/li>\n<li>Die auf den Websites zum Download zur Verf\u00fcgung gestellte Software wird gem\u00e4\u00df der geltenden Lizenzvereinbarung lizensiert. Sofern nichts anderes in der geltenden Lizenzvereinbarung angegeben ist, ist die zur Verf\u00fcgung gestellte Software nur f\u00fcr Endnutzer bestimmt und jegliche weiteren Kopien, Reproduktionen und jegliche Weiterverteilung ist ausdr\u00fccklich untersagt. Jegliche Garantien in Bezug auf diese Software beziehen sich nur auf ausdr\u00fccklich angegebene anwendbare Lizenzvereinbarungen. Thetford lehnt hiermit alle weiteren Garantien, Darstellungen und Bedingungen in Bezug auf solche Software sowie jegliche implizierten Garantien ab.<\/li>\n<li>Alle Urheberrechte und anderes geistiges Eigentum in Bezug auf den Inhalt, die Funktionalit\u00e4t und das Layout der Websites (u. a. Text, HTML-Code, Grafiken und Logos) bleiben Eigentum von Thetford B.V., der europ\u00e4ischen Tochtergesellschaft von Thetford oder deren jeweiligen Lizenznehmer und sind ausdr\u00fccklich vorbehalten. Diese Gesch\u00e4ftsbedingungen unterliegen niederl\u00e4ndischem Recht. Jegliche Streitf\u00e4lle in Bezug auf diese Gesch\u00e4ftsbedingungen bzw. die Verwendung der Websites werden am zust\u00e4ndigen Gericht in den Niederlanden entschieden.<\/li>\n<\/ol>\n<p>Die Verf\u00fcgbarkeit von Produkten kann von Land zu Land variieren. Thetford beh\u00e4lt sich das Recht vor, die Konstruktion und technischen Daten von Waren ohne Ank\u00fcndigung zu \u00e4ndern.<\/p>\n<h2>Datenschutz bei Thetford B.V.<\/h2>\n<p>Der Zweck dieser Datenschutzrichtlinie ist, Sie als gern gesehenen Besucher auf unserer Website dar\u00fcber zu informieren, welche Information wir \u00fcber Sie sammeln, wenn Sie die Website von Thetford B. V. besuchen, wie wir diese Information verwenden und ob wir sie ver\u00f6ffentlichen. Beachten Sie jedoch bitte, dass sich diese Datenschutzrichtlinie nur auf Websites von Thetford B. V. bezieht und nicht auf andere Websites von anderen Firmen oder Organisationen, die wir verlinken.<\/p>\n<h2>Information \u00fcber alle Besucher der Website von Thetford Europe<\/h2>\n<p>Im Allgemeinen sammelt unsere Website automatisch bestimmte Nutzungsinformationen (z. B. die Besucherh\u00e4ufigkeit auf einer Website von Thetford B.V. und ihren Teilen), \u00e4hnlich wie Einschaltquoten, die TV-Sendern verraten, wie viele Menschen bei einem Programm eingeschaltet haben. Wir verwenden diese Daten nur in ihrer Gesamtheit. Diese Gesamtdaten helfen uns dabei zu beurteilen, wie viele Besucher bestimmte Bereiche unserer Website besuchen, damit wir unsere Website verbessern k\u00f6nnen. Dadurch k\u00f6nnen wir sicherstellen, dass der Besuch auf unserer Website f\u00fcr so viele Menschen wie m\u00f6glich so angenehm wie m\u00f6glich ist. Zum Beispiel verwendet Thetford B.V. eine Technologie, die als \u201eCookies\u201c bezeichnet wird. Diese Cookies verraten uns, wie und wann unsere Seite durch wie viele Menschen besucht wird. Thetford B.V. sammelt keine personenbezogenen Daten. Wir verkn\u00fcpfen Informationen nicht durch Cookies mit personenbezogenen Daten.<\/p>\n<h2>Informationen \u00fcber Sie<\/h2>\n<p>Wir fragen Sie vielleicht nach Ihrer Meinung oder nach Informationen \u00fcber Ihre Interessen, so dass sowohl Sie als auch wir Vorteile aus diesem interaktiven Onlinemedium ziehen k\u00f6nnen. Sie k\u00f6nnen jedoch immer selbst entscheiden, ob Sie antworten m\u00f6chten oder nicht. Wir verwenden diese Informationen unter Umst\u00e4nden, um Sie \u00fcber zus\u00e4tzliche Produkte und Dienste zu informieren, an denen Sie interessiert sein k\u00f6nnten. Sie k\u00f6nnen selbst entscheiden, ob Sie diese Informationen erhalten m\u00f6chten. Geben Sie dies einfach auf dem Webformular an welches Sie ausf\u00fcllen oder senden Sie eine E-Mail an Sweder Bouman (Webmaster). Sie werden dann aus der Mailing-Liste entfernt. Alle Informationen, die Sie auf unserer Thetford-B.V.-Website preisgeben, und alle E-Mails, die bei Thetford eingehen, werden vertraulich behandelt.<\/p>\n<h2>Ver\u00f6ffentlichung<\/h2>\n<p>Wir verwenden oder ver\u00f6ffentlichen weder Informationen \u00fcber einzelne Besuche auf den Websites von Thetford B.V., noch Informationen die Sie uns geben (z. B. Name, Adresse, E-Mail-Adresse oder Telefonnummer). Wir geben sie auch nicht an au\u00dfenstehende Unternehmen weiter.<\/p>\n<h2>\u00c4nderungen an der Datenschutzrichtlinie von Thetford B.V.<\/h2>\n<p>Wenn wir uns entscheiden, unsere Datenschutzrichtlinie auf den Websites von Thetford B.V. zu ver\u00e4ndern, ver\u00f6ffentlichen wir diese Ver\u00e4nderung hier, damit Sie immer wissen, welche Informationen wir sammeln, wie wir sie verwenden und ob wir sie weiterreichen. Bitte \u00fcberpr\u00fcfen Sie die Thetford B.V. Website regelm\u00e4\u00dfig auf Ver\u00e4nderungen.<br \/>\n<br \/>\n<br \/>\n<br \/>\n<br \/>\n<br \/>\n<\/p>","protected":false},"excerpt":{"rendered":"<p>Diese Website von Thetford B.V. und andere Thetford-Websites (zusammen fortan \u201eWebsites\u201c) werden von Thetford B.V. oder einer europ\u00e4ischen Tochtergesellschaft von Thetford gewartet. Der Zugang zu diesen Websites und die Verwendung der Websites ist Gegenstand dieser Gesch\u00e4ftsbedingungen. Durch die Nutzung oder Dauernutzung dieser Website von Thetford B.V. nehmen Sie diese Gesch\u00e4ftsbedingungen einschlie\u00dflich jeglicher \u00c4nderungen an. Obwohl [&hellip;]<\/p>\n","protected":false},"author":2,"featured_media":0,"parent":0,"menu_order":0,"comment_status":"closed","ping_status":"closed","template":"","meta":{"_acf_changed":false,"inline_featured_image":false,"_monsterinsights_skip_tracking":false,"_monsterinsights_sitenote_active":false,"_monsterinsights_sitenote_note":"","_monsterinsights_sitenote_category":0,"footnotes":""},"class_list":["post-2372","page","type-page","status-publish","hentry","entry"],"acf":[],"_links":{"self":[{"href":"https:\/\/www.thetfordservicenet.com\/de\/wp-json\/wp\/v2\/pages\/2372","targetHints":{"allow":["GET"]}}],"collection":[{"href":"https:\/\/www.thetfordservicenet.com\/de\/wp-json\/wp\/v2\/pages"}],"about":[{"href":"https:\/\/www.thetfordservicenet.com\/de\/wp-json\/wp\/v2\/types\/page"}],"author":[{"embeddable":true,"href":"https:\/\/www.thetfordservicenet.com\/de\/wp-json\/wp\/v2\/users\/2"}],"replies":[{"embeddable":true,"href":"https:\/\/www.thetfordservicenet.com\/de\/wp-json\/wp\/v2\/comments?post=2372"}],"version-history":[{"count":4,"href":"https:\/\/www.thetfordservicenet.com\/de\/wp-json\/wp\/v2\/pages\/2372\/revisions"}],"predecessor-version":[{"id":2416,"href":"https:\/\/www.thetfordservicenet.com\/de\/wp-json\/wp\/v2\/pages\/2372\/revisions\/2416"}],"wp:attachment":[{"href":"https:\/\/www.thetfordservicenet.com\/de\/wp-json\/wp\/v2\/media?parent=2372"}],"curies":[{"name":"wp","href":"https:\/\/api.w.org\/{rel}","templated":true}]}}