{"id":2367,"date":"2015-10-14T09:01:04","date_gmt":"2015-10-14T08:01:04","guid":{"rendered":"http:\/\/www.thetfordservicenet.com\/?page_id=2367&#038;lang=en"},"modified":"2015-10-20T15:17:27","modified_gmt":"2015-10-20T14:17:27","slug":"disclaimer","status":"publish","type":"page","link":"https:\/\/www.thetfordservicenet.com\/de\/disclaimer\/","title":{"rendered":"Haftungsausschluss"},"content":{"rendered":"<p><br \/>\n<br \/>\nDiese Website und alle ihre Inhalte, einschlie\u00dflich der Verweise auf andere Websites, Artikel, Links ist ausschlie\u00dflich f\u00fcr die Nutzung von Thetford bezeichneten Servicepartner, H\u00e4ndler und OEM&#8217;s vorgesehen. Alle Anweisungen oder Informationen auf dieser Website f\u00fcr Nutzung, Reparaturen, Wartungen, Installationen und Fehlerbehebung, darf  nur von  kompetenten, qualifizierten Technikern erbracht werden. Thetford verweist ausdr\u00fccklich darauf, dass die Verantwortung und Rechenschaftspflicht f\u00fcr direkte oder indirekte Sch\u00e4den infolge Reparaturen, Installationen, Wartungen, Nutzungen oder Fehlerbehebung, durch Andere als unsere Servicepartner, H\u00e4ndler und\/oder OEM&#8217;s ausgeschlossen wird. Des Weiteren beh\u00e4lt sich Thetford das Recht auf notwendigen rechtlichen Ma\u00dfnahmen zu ergreifen, wenn diese Nutzungen, Reparaturen, Wartungen, Installationen und Fehlerbehebung zu direkten oder indirekten Sch\u00e4den der Fa. Thetford f\u00fchren.<br \/>\n<br \/>\n<br \/>\n<br \/>\n<br \/>\n<\/p>","protected":false},"excerpt":{"rendered":"<p>Diese Website und alle ihre Inhalte, einschlie\u00dflich der Verweise auf andere Websites, Artikel, Links ist ausschlie\u00dflich f\u00fcr die Nutzung von Thetford bezeichneten Servicepartner, H\u00e4ndler und OEM&#8217;s vorgesehen. Alle Anweisungen oder Informationen auf dieser Website f\u00fcr Nutzung, Reparaturen, Wartungen, Installationen und Fehlerbehebung, darf nur von kompetenten, qualifizierten Technikern erbracht werden. Thetford verweist ausdr\u00fccklich darauf, dass die [&hellip;]<\/p>\n","protected":false},"author":2,"featured_media":0,"parent":0,"menu_order":0,"comment_status":"closed","ping_status":"closed","template":"","meta":{"_acf_changed":false,"inline_featured_image":false,"_monsterinsights_skip_tracking":false,"_monsterinsights_sitenote_active":false,"_monsterinsights_sitenote_note":"","_monsterinsights_sitenote_category":0,"footnotes":""},"class_list":["post-2367","page","type-page","status-publish","hentry","entry"],"acf":[],"_links":{"self":[{"href":"https:\/\/www.thetfordservicenet.com\/de\/wp-json\/wp\/v2\/pages\/2367","targetHints":{"allow":["GET"]}}],"collection":[{"href":"https:\/\/www.thetfordservicenet.com\/de\/wp-json\/wp\/v2\/pages"}],"about":[{"href":"https:\/\/www.thetfordservicenet.com\/de\/wp-json\/wp\/v2\/types\/page"}],"author":[{"embeddable":true,"href":"https:\/\/www.thetfordservicenet.com\/de\/wp-json\/wp\/v2\/users\/2"}],"replies":[{"embeddable":true,"href":"https:\/\/www.thetfordservicenet.com\/de\/wp-json\/wp\/v2\/comments?post=2367"}],"version-history":[{"count":4,"href":"https:\/\/www.thetfordservicenet.com\/de\/wp-json\/wp\/v2\/pages\/2367\/revisions"}],"predecessor-version":[{"id":2394,"href":"https:\/\/www.thetfordservicenet.com\/de\/wp-json\/wp\/v2\/pages\/2367\/revisions\/2394"}],"wp:attachment":[{"href":"https:\/\/www.thetfordservicenet.com\/de\/wp-json\/wp\/v2\/media?parent=2367"}],"curies":[{"name":"wp","href":"https:\/\/api.w.org\/{rel}","templated":true}]}}